{"id":32,"date":"2020-04-13T11:18:50","date_gmt":"2020-04-13T11:18:50","guid":{"rendered":"http:\/\/honestyfood.com.co\/index.php\/services\/"},"modified":"2021-04-13T00:18:07","modified_gmt":"2021-04-13T00:18:07","slug":"services","status":"publish","type":"page","link":"https:\/\/honestyfood.com.co\/index.php\/services\/","title":{"rendered":"nuestros productos"},"content":{"rendered":"\t\t<div data-elementor-type=\"wp-page\" data-elementor-id=\"32\" class=\"elementor elementor-32\">\n\t\t\t\t\t\t<section class=\"elementor-section elementor-top-section elementor-element elementor-element-1b0a5d33 elementor-section-boxed elementor-section-height-default elementor-section-height-default\" data-id=\"1b0a5d33\" data-element_type=\"section\" data-settings=\"{&quot;background_background&quot;:&quot;classic&quot;}\">\n\t\t\t\t\t\t\t<div class=\"elementor-background-overlay\"><\/div>\n\t\t\t\t\t\t\t<div class=\"elementor-container elementor-column-gap-default\">\n\t\t\t\t\t<div class=\"elementor-column elementor-col-100 elementor-top-column elementor-element elementor-element-1f841ba\" data-id=\"1f841ba\" data-element_type=\"column\">\n\t\t\t<div class=\"elementor-widget-wrap elementor-element-populated\">\n\t\t\t\t\t\t<div class=\"elementor-element elementor-element-365ba0bd elementor-widget elementor-widget-heading\" data-id=\"365ba0bd\" data-element_type=\"widget\" data-widget_type=\"heading.default\">\n\t\t\t\t<div class=\"elementor-widget-container\">\n\t\t\t\t\t<h1 class=\"elementor-heading-title elementor-size-default\">Nuestros Productos<\/h1>\t\t\t\t<\/div>\n\t\t\t\t<\/div>\n\t\t\t\t\t<\/div>\n\t\t<\/div>\n\t\t\t\t\t<\/div>\n\t\t<\/section>\n\t\t\t\t<section class=\"elementor-section elementor-top-section elementor-element elementor-element-4d2c9e9 elementor-reverse-mobile elementor-section-boxed elementor-section-height-default elementor-section-height-default\" data-id=\"4d2c9e9\" data-element_type=\"section\">\n\t\t\t\t\t\t<div class=\"elementor-container elementor-column-gap-no\">\n\t\t\t\t\t<div class=\"elementor-column elementor-col-50 elementor-top-column elementor-element elementor-element-1148300\" data-id=\"1148300\" data-element_type=\"column\">\n\t\t\t<div class=\"elementor-widget-wrap elementor-element-populated\">\n\t\t\t\t\t\t<div class=\"elementor-element elementor-element-5070b618 elementor-widget elementor-widget-heading\" data-id=\"5070b618\" data-element_type=\"widget\" data-widget_type=\"heading.default\">\n\t\t\t\t<div class=\"elementor-widget-container\">\n\t\t\t\t\t<h2 class=\"elementor-heading-title elementor-size-default\">Pulpa de Frutas (congelada o sin refrigeracion)<\/h2>\t\t\t\t<\/div>\n\t\t\t\t<\/div>\n\t\t\t\t<div class=\"elementor-element elementor-element-62d352e2 elementor-widget elementor-widget-text-editor\" data-id=\"62d352e2\" data-element_type=\"widget\" data-widget_type=\"text-editor.default\">\n\t\t\t\t<div class=\"elementor-widget-container\">\n\t\t\t\t\t\t\t\t\t<p>La forma practica de disfrutar el sabor de las frutas, cuidando tu salud, disminuyendo perdidas por sobre maduraci\u00f3n y contaminaci\u00f3n cruzada al momento de su preparaci\u00f3n <\/p>\t\t\t\t\t\t\t\t<\/div>\n\t\t\t\t<\/div>\n\t\t\t\t<div class=\"elementor-element elementor-element-3411334 elementor-widget elementor-widget-heading\" data-id=\"3411334\" data-element_type=\"widget\" data-widget_type=\"heading.default\">\n\t\t\t\t<div class=\"elementor-widget-container\">\n\t\t\t\t\t<h2 class=\"elementor-heading-title elementor-size-default\">Sabores<\/h2>\t\t\t\t<\/div>\n\t\t\t\t<\/div>\n\t\t\t\t<div class=\"elementor-element elementor-element-254c0cf elementor-widget elementor-widget-text-editor\" data-id=\"254c0cf\" data-element_type=\"widget\" data-widget_type=\"text-editor.default\">\n\t\t\t\t<div class=\"elementor-widget-container\">\n\t\t\t\t\t\t\t\t\t<p>Fresa, Mango, Lulo, Guanabana, Limon, Pi\u00f1a, Mora, Tamarindo, Guayaba, Aguacate, Maracuya, Gulupa.<\/p>\t\t\t\t\t\t\t\t<\/div>\n\t\t\t\t<\/div>\n\t\t\t\t<div class=\"elementor-element elementor-element-1414c30 elementor-widget elementor-widget-heading\" data-id=\"1414c30\" data-element_type=\"widget\" data-widget_type=\"heading.default\">\n\t\t\t\t<div class=\"elementor-widget-container\">\n\t\t\t\t\t<h2 class=\"elementor-heading-title elementor-size-default\">Caracteristicas<\/h2>\t\t\t\t<\/div>\n\t\t\t\t<\/div>\n\t\t\t\t<div class=\"elementor-element elementor-element-e74a42d elementor-widget elementor-widget-text-editor\" data-id=\"e74a42d\" data-element_type=\"widget\" data-widget_type=\"text-editor.default\">\n\t\t\t\t<div class=\"elementor-widget-container\">\n\t\t\t\t\t\t\t\t\t<p>Libres de Gluten, sin sabores artificiales, sin azucar a\u00f1adido<\/p>\t\t\t\t\t\t\t\t<\/div>\n\t\t\t\t<\/div>\n\t\t\t\t\t<\/div>\n\t\t<\/div>\n\t\t\t\t<div class=\"elementor-column elementor-col-50 elementor-top-column elementor-element elementor-element-7285665\" data-id=\"7285665\" data-element_type=\"column\">\n\t\t\t<div class=\"elementor-widget-wrap elementor-element-populated\">\n\t\t\t\t\t\t<div class=\"elementor-element elementor-element-508aa5f0 elementor-widget elementor-widget-image\" data-id=\"508aa5f0\" data-element_type=\"widget\" data-widget_type=\"image.default\">\n\t\t\t\t<div class=\"elementor-widget-container\">\n\t\t\t\t\t\t\t\t\t\t\t\t\t\t\t<img fetchpriority=\"high\" decoding=\"async\" width=\"1024\" height=\"768\" src=\"https:\/\/honestyfood.com.co\/wp-content\/uploads\/2021\/04\/Free-Snack-Bag-Packaging-Mockup-1024x768.png\" class=\"attachment-large size-large wp-image-325\" alt=\"\" srcset=\"https:\/\/honestyfood.com.co\/wp-content\/uploads\/2021\/04\/Free-Snack-Bag-Packaging-Mockup-1024x768.png 1024w, https:\/\/honestyfood.com.co\/wp-content\/uploads\/2021\/04\/Free-Snack-Bag-Packaging-Mockup-300x225.png 300w, https:\/\/honestyfood.com.co\/wp-content\/uploads\/2021\/04\/Free-Snack-Bag-Packaging-Mockup-768x576.png 768w, https:\/\/honestyfood.com.co\/wp-content\/uploads\/2021\/04\/Free-Snack-Bag-Packaging-Mockup-1536x1152.png 1536w, https:\/\/honestyfood.com.co\/wp-content\/uploads\/2021\/04\/Free-Snack-Bag-Packaging-Mockup-2048x1536.png 2048w\" sizes=\"(max-width: 1024px) 100vw, 1024px\" \/>\t\t\t\t\t\t\t\t\t\t\t\t\t\t\t<\/div>\n\t\t\t\t<\/div>\n\t\t\t\t\t<\/div>\n\t\t<\/div>\n\t\t\t\t\t<\/div>\n\t\t<\/section>\n\t\t\t\t<section class=\"elementor-section elementor-top-section elementor-element elementor-element-9e09982 elementor-section-boxed elementor-section-height-default elementor-section-height-default\" data-id=\"9e09982\" data-element_type=\"section\">\n\t\t\t\t\t\t<div class=\"elementor-container elementor-column-gap-no\">\n\t\t\t\t\t<div class=\"elementor-column elementor-col-50 elementor-top-column elementor-element elementor-element-4b9de95\" data-id=\"4b9de95\" data-element_type=\"column\">\n\t\t\t<div class=\"elementor-widget-wrap elementor-element-populated\">\n\t\t\t\t\t\t<div class=\"elementor-element elementor-element-1fab74e0 elementor-widget elementor-widget-image\" data-id=\"1fab74e0\" data-element_type=\"widget\" data-widget_type=\"image.default\">\n\t\t\t\t<div class=\"elementor-widget-container\">\n\t\t\t\t\t\t\t\t\t\t\t\t\t\t\t<img decoding=\"async\" width=\"1024\" height=\"712\" src=\"https:\/\/honestyfood.com.co\/wp-content\/uploads\/2021\/04\/Snack-Deshidratado-Mango-1024x712.png\" class=\"attachment-large size-large wp-image-326\" alt=\"\" srcset=\"https:\/\/honestyfood.com.co\/wp-content\/uploads\/2021\/04\/Snack-Deshidratado-Mango-1024x712.png 1024w, https:\/\/honestyfood.com.co\/wp-content\/uploads\/2021\/04\/Snack-Deshidratado-Mango-300x209.png 300w, https:\/\/honestyfood.com.co\/wp-content\/uploads\/2021\/04\/Snack-Deshidratado-Mango-768x534.png 768w, https:\/\/honestyfood.com.co\/wp-content\/uploads\/2021\/04\/Snack-Deshidratado-Mango-1536x1069.png 1536w, https:\/\/honestyfood.com.co\/wp-content\/uploads\/2021\/04\/Snack-Deshidratado-Mango-2048x1425.png 2048w\" sizes=\"(max-width: 1024px) 100vw, 1024px\" \/>\t\t\t\t\t\t\t\t\t\t\t\t\t\t\t<\/div>\n\t\t\t\t<\/div>\n\t\t\t\t\t<\/div>\n\t\t<\/div>\n\t\t\t\t<div class=\"elementor-column elementor-col-50 elementor-top-column elementor-element elementor-element-ddc17dc\" data-id=\"ddc17dc\" data-element_type=\"column\">\n\t\t\t<div class=\"elementor-widget-wrap elementor-element-populated\">\n\t\t\t\t\t\t<div class=\"elementor-element elementor-element-d8c8a33 elementor-widget elementor-widget-heading\" data-id=\"d8c8a33\" data-element_type=\"widget\" data-widget_type=\"heading.default\">\n\t\t\t\t<div class=\"elementor-widget-container\">\n\t\t\t\t\t<h2 class=\"elementor-heading-title elementor-size-default\">Snack de Fruta Liofilizados y deshidratados<\/h2>\t\t\t\t<\/div>\n\t\t\t\t<\/div>\n\t\t\t\t<div class=\"elementor-element elementor-element-3437ae6 elementor-widget elementor-widget-text-editor\" data-id=\"3437ae6\" data-element_type=\"widget\" data-widget_type=\"text-editor.default\">\n\t\t\t\t<div class=\"elementor-widget-container\">\n\t\t\t\t\t\t\t\t\t<p>Una alternativa Practica y econ\u00f3mica de disfrutar de las frutas en cualquier momento, sin preocupaciones por su deterioro<\/p>\t\t\t\t\t\t\t\t<\/div>\n\t\t\t\t<\/div>\n\t\t\t\t<div class=\"elementor-element elementor-element-7c7accb elementor-widget elementor-widget-heading\" data-id=\"7c7accb\" data-element_type=\"widget\" data-widget_type=\"heading.default\">\n\t\t\t\t<div class=\"elementor-widget-container\">\n\t\t\t\t\t<h2 class=\"elementor-heading-title elementor-size-default\">Sabores<\/h2>\t\t\t\t<\/div>\n\t\t\t\t<\/div>\n\t\t\t\t<div class=\"elementor-element elementor-element-e465a42 elementor-widget elementor-widget-text-editor\" data-id=\"e465a42\" data-element_type=\"widget\" data-widget_type=\"text-editor.default\">\n\t\t\t\t<div class=\"elementor-widget-container\">\n\t\t\t\t\t\t\t\t\t<p>Fresa, Mango, Banana, Pi\u00f1a, Guanabana, Aguacate<\/p>\t\t\t\t\t\t\t\t<\/div>\n\t\t\t\t<\/div>\n\t\t\t\t\t<\/div>\n\t\t<\/div>\n\t\t\t\t\t<\/div>\n\t\t<\/section>\n\t\t\t\t<section class=\"elementor-section elementor-top-section elementor-element elementor-element-6027d0f elementor-reverse-mobile elementor-section-boxed elementor-section-height-default elementor-section-height-default\" data-id=\"6027d0f\" data-element_type=\"section\">\n\t\t\t\t\t\t<div class=\"elementor-container elementor-column-gap-no\">\n\t\t\t\t\t<div class=\"elementor-column elementor-col-50 elementor-top-column elementor-element elementor-element-355c572\" data-id=\"355c572\" data-element_type=\"column\">\n\t\t\t<div class=\"elementor-widget-wrap elementor-element-populated\">\n\t\t\t\t\t\t<div class=\"elementor-element elementor-element-8b4473b elementor-widget elementor-widget-heading\" data-id=\"8b4473b\" data-element_type=\"widget\" data-widget_type=\"heading.default\">\n\t\t\t\t<div class=\"elementor-widget-container\">\n\t\t\t\t\t<h2 class=\"elementor-heading-title elementor-size-default\">Snack Larga Vida<\/h2>\t\t\t\t<\/div>\n\t\t\t\t<\/div>\n\t\t\t\t<div class=\"elementor-element elementor-element-8962406 elementor-widget elementor-widget-text-editor\" data-id=\"8962406\" data-element_type=\"widget\" data-widget_type=\"text-editor.default\">\n\t\t\t\t<div class=\"elementor-widget-container\">\n\t\t\t\t\t\t\t\t\t<p>Nuestra L\u00ednea de Snacks naturales brinda las sensaciones y emociones de la fruta en su estado natural preservando todas las propiedades organol\u00e9pticas sin necesidad de refrigeraci\u00f3n<\/p>\t\t\t\t\t\t\t\t<\/div>\n\t\t\t\t<\/div>\n\t\t\t\t<div class=\"elementor-element elementor-element-76617fb elementor-widget elementor-widget-heading\" data-id=\"76617fb\" data-element_type=\"widget\" data-widget_type=\"heading.default\">\n\t\t\t\t<div class=\"elementor-widget-container\">\n\t\t\t\t\t<h2 class=\"elementor-heading-title elementor-size-default\">Sabores<\/h2>\t\t\t\t<\/div>\n\t\t\t\t<\/div>\n\t\t\t\t<div class=\"elementor-element elementor-element-f273008 elementor-widget elementor-widget-text-editor\" data-id=\"f273008\" data-element_type=\"widget\" data-widget_type=\"text-editor.default\">\n\t\t\t\t<div class=\"elementor-widget-container\">\n\t\t\t\t\t\t\t\t\t<p>Guanabana, Pitahaya<\/p>\t\t\t\t\t\t\t\t<\/div>\n\t\t\t\t<\/div>\n\t\t\t\t\t<\/div>\n\t\t<\/div>\n\t\t\t\t<div class=\"elementor-column elementor-col-50 elementor-top-column elementor-element elementor-element-623a32c\" data-id=\"623a32c\" data-element_type=\"column\">\n\t\t\t<div class=\"elementor-widget-wrap elementor-element-populated\">\n\t\t\t\t\t\t<div class=\"elementor-element elementor-element-628e670 elementor-widget elementor-widget-image\" data-id=\"628e670\" data-element_type=\"widget\" data-widget_type=\"image.default\">\n\t\t\t\t<div class=\"elementor-widget-container\">\n\t\t\t\t\t\t\t\t\t\t\t\t\t\t\t<img decoding=\"async\" width=\"1024\" height=\"731\" src=\"https:\/\/honestyfood.com.co\/wp-content\/uploads\/2021\/04\/Snack-Guanabana-1024x731.png\" class=\"attachment-large size-large wp-image-330\" alt=\"\" srcset=\"https:\/\/honestyfood.com.co\/wp-content\/uploads\/2021\/04\/Snack-Guanabana-1024x731.png 1024w, https:\/\/honestyfood.com.co\/wp-content\/uploads\/2021\/04\/Snack-Guanabana-300x214.png 300w, https:\/\/honestyfood.com.co\/wp-content\/uploads\/2021\/04\/Snack-Guanabana-768x549.png 768w, https:\/\/honestyfood.com.co\/wp-content\/uploads\/2021\/04\/Snack-Guanabana-1536x1097.png 1536w, https:\/\/honestyfood.com.co\/wp-content\/uploads\/2021\/04\/Snack-Guanabana-2048x1463.png 2048w\" sizes=\"(max-width: 1024px) 100vw, 1024px\" \/>\t\t\t\t\t\t\t\t\t\t\t\t\t\t\t<\/div>\n\t\t\t\t<\/div>\n\t\t\t\t\t<\/div>\n\t\t<\/div>\n\t\t\t\t\t<\/div>\n\t\t<\/section>\n\t\t\t\t<section class=\"elementor-section elementor-top-section elementor-element elementor-element-93332a5 elementor-section-boxed elementor-section-height-default elementor-section-height-default\" data-id=\"93332a5\" data-element_type=\"section\">\n\t\t\t\t\t\t<div class=\"elementor-container elementor-column-gap-default\">\n\t\t\t\t\t<div class=\"elementor-column elementor-col-50 elementor-top-column elementor-element elementor-element-b90e128\" data-id=\"b90e128\" data-element_type=\"column\">\n\t\t\t<div class=\"elementor-widget-wrap elementor-element-populated\">\n\t\t\t\t\t\t<div class=\"elementor-element elementor-element-5b7f177 elementor-widget elementor-widget-image\" data-id=\"5b7f177\" data-element_type=\"widget\" data-widget_type=\"image.default\">\n\t\t\t\t<div class=\"elementor-widget-container\">\n\t\t\t\t\t\t\t\t\t\t\t\t\t\t\t<img loading=\"lazy\" decoding=\"async\" width=\"1024\" height=\"1024\" src=\"https:\/\/honestyfood.com.co\/wp-content\/uploads\/2021\/04\/kisspng-avocado-food-fruit-hair-avocado-5a6f250a249126.9385989615172334181498-1024x1024.png\" class=\"attachment-large size-large wp-image-329\" alt=\"\" srcset=\"https:\/\/honestyfood.com.co\/wp-content\/uploads\/2021\/04\/kisspng-avocado-food-fruit-hair-avocado-5a6f250a249126.9385989615172334181498-1024x1024.png 1024w, https:\/\/honestyfood.com.co\/wp-content\/uploads\/2021\/04\/kisspng-avocado-food-fruit-hair-avocado-5a6f250a249126.9385989615172334181498-300x300.png 300w, https:\/\/honestyfood.com.co\/wp-content\/uploads\/2021\/04\/kisspng-avocado-food-fruit-hair-avocado-5a6f250a249126.9385989615172334181498-150x150.png 150w, https:\/\/honestyfood.com.co\/wp-content\/uploads\/2021\/04\/kisspng-avocado-food-fruit-hair-avocado-5a6f250a249126.9385989615172334181498-768x768.png 768w, https:\/\/honestyfood.com.co\/wp-content\/uploads\/2021\/04\/kisspng-avocado-food-fruit-hair-avocado-5a6f250a249126.9385989615172334181498-1536x1536.png 1536w, https:\/\/honestyfood.com.co\/wp-content\/uploads\/2021\/04\/kisspng-avocado-food-fruit-hair-avocado-5a6f250a249126.9385989615172334181498.png 1667w\" sizes=\"(max-width: 1024px) 100vw, 1024px\" \/>\t\t\t\t\t\t\t\t\t\t\t\t\t\t\t<\/div>\n\t\t\t\t<\/div>\n\t\t\t\t\t<\/div>\n\t\t<\/div>\n\t\t\t\t<div class=\"elementor-column elementor-col-50 elementor-top-column elementor-element elementor-element-cf097e7\" data-id=\"cf097e7\" data-element_type=\"column\">\n\t\t\t<div class=\"elementor-widget-wrap elementor-element-populated\">\n\t\t\t\t\t\t<div class=\"elementor-element elementor-element-9ae9b30 elementor-widget elementor-widget-heading\" data-id=\"9ae9b30\" data-element_type=\"widget\" data-widget_type=\"heading.default\">\n\t\t\t\t<div class=\"elementor-widget-container\">\n\t\t\t\t\t<h2 class=\"elementor-heading-title elementor-size-default\">Frutos frescos<\/h2>\t\t\t\t<\/div>\n\t\t\t\t<\/div>\n\t\t\t\t<div class=\"elementor-element elementor-element-18bba9b elementor-widget elementor-widget-text-editor\" data-id=\"18bba9b\" data-element_type=\"widget\" data-widget_type=\"text-editor.default\">\n\t\t\t\t<div class=\"elementor-widget-container\">\n\t\t\t\t\t\t\t\t\t<p>La riqueza Natural de nuestros campos, sumada al compromiso de nuestros agricultores, nos permite ofrecer frutas de excelente calidad<\/p>\t\t\t\t\t\t\t\t<\/div>\n\t\t\t\t<\/div>\n\t\t\t\t<div class=\"elementor-element elementor-element-9e012b2 elementor-widget elementor-widget-heading\" data-id=\"9e012b2\" data-element_type=\"widget\" data-widget_type=\"heading.default\">\n\t\t\t\t<div class=\"elementor-widget-container\">\n\t\t\t\t\t<h2 class=\"elementor-heading-title elementor-size-default\">Variedades<\/h2>\t\t\t\t<\/div>\n\t\t\t\t<\/div>\n\t\t\t\t<div class=\"elementor-element elementor-element-9f9e0f1 elementor-widget elementor-widget-text-editor\" data-id=\"9f9e0f1\" data-element_type=\"widget\" data-widget_type=\"text-editor.default\">\n\t\t\t\t<div class=\"elementor-widget-container\">\n\t\t\t\t\t\t\t\t\t<p><strong>Limon Tahiti<\/strong> (Comercial y Organico), <strong>Limon Eureka<\/strong> (Comercial y Organico), <strong>Aguacate Hass<\/strong>, <strong>Mandarina<\/strong>, <strong>Naranja<\/strong>, <strong>Banano<\/strong>, <strong>Pi\u00f1a<\/strong>, <strong>Pitahaya<\/strong>, <strong>Maracuya<\/strong>, <strong>Granadilla<\/strong>, <strong>Uchuva<\/strong><\/p>\t\t\t\t\t\t\t\t<\/div>\n\t\t\t\t<\/div>\n\t\t\t\t\t<\/div>\n\t\t<\/div>\n\t\t\t\t\t<\/div>\n\t\t<\/section>\n\t\t\t\t<section class=\"elementor-section elementor-top-section elementor-element elementor-element-b8ac81e elementor-section-boxed elementor-section-height-default elementor-section-height-default\" data-id=\"b8ac81e\" data-element_type=\"section\">\n\t\t\t\t\t\t<div class=\"elementor-container elementor-column-gap-default\">\n\t\t\t\t\t<div class=\"elementor-column elementor-col-50 elementor-top-column elementor-element elementor-element-89f35a0\" data-id=\"89f35a0\" data-element_type=\"column\">\n\t\t\t<div class=\"elementor-widget-wrap elementor-element-populated\">\n\t\t\t\t\t\t<div class=\"elementor-element elementor-element-7b09495 elementor-widget elementor-widget-heading\" data-id=\"7b09495\" data-element_type=\"widget\" data-widget_type=\"heading.default\">\n\t\t\t\t<div class=\"elementor-widget-container\">\n\t\t\t\t\t<h2 class=\"elementor-heading-title elementor-size-default\">Panela<\/h2>\t\t\t\t<\/div>\n\t\t\t\t<\/div>\n\t\t\t\t<div class=\"elementor-element elementor-element-e9ee455 elementor-widget elementor-widget-text-editor\" data-id=\"e9ee455\" data-element_type=\"widget\" data-widget_type=\"text-editor.default\">\n\t\t\t\t<div class=\"elementor-widget-container\">\n\t\t\t\t\t\t\t\t\t<p>Panela Pulverizada o Granulada en diferentes presentaciones<\/p>\t\t\t\t\t\t\t\t<\/div>\n\t\t\t\t<\/div>\n\t\t\t\t\t<\/div>\n\t\t<\/div>\n\t\t\t\t<div class=\"elementor-column elementor-col-50 elementor-top-column elementor-element elementor-element-264c1dd\" data-id=\"264c1dd\" data-element_type=\"column\">\n\t\t\t<div class=\"elementor-widget-wrap elementor-element-populated\">\n\t\t\t\t\t\t<div class=\"elementor-element elementor-element-2dcb971 elementor-widget elementor-widget-image\" data-id=\"2dcb971\" data-element_type=\"widget\" data-widget_type=\"image.default\">\n\t\t\t\t<div class=\"elementor-widget-container\">\n\t\t\t\t\t\t\t\t\t\t\t\t\t\t\t<img loading=\"lazy\" decoding=\"async\" width=\"500\" height=\"500\" src=\"https:\/\/honestyfood.com.co\/wp-content\/uploads\/2021\/04\/kisspng-fullers-earth-skin-india-clay-facial-dehydrated-vegetables-dried-ginger-powder-manufa-5d1f5945d59ff0.098071791562335557875.png\" class=\"attachment-large size-large wp-image-328\" alt=\"\" srcset=\"https:\/\/honestyfood.com.co\/wp-content\/uploads\/2021\/04\/kisspng-fullers-earth-skin-india-clay-facial-dehydrated-vegetables-dried-ginger-powder-manufa-5d1f5945d59ff0.098071791562335557875.png 500w, https:\/\/honestyfood.com.co\/wp-content\/uploads\/2021\/04\/kisspng-fullers-earth-skin-india-clay-facial-dehydrated-vegetables-dried-ginger-powder-manufa-5d1f5945d59ff0.098071791562335557875-300x300.png 300w, https:\/\/honestyfood.com.co\/wp-content\/uploads\/2021\/04\/kisspng-fullers-earth-skin-india-clay-facial-dehydrated-vegetables-dried-ginger-powder-manufa-5d1f5945d59ff0.098071791562335557875-150x150.png 150w\" sizes=\"(max-width: 500px) 100vw, 500px\" \/>\t\t\t\t\t\t\t\t\t\t\t\t\t\t\t<\/div>\n\t\t\t\t<\/div>\n\t\t\t\t\t<\/div>\n\t\t<\/div>\n\t\t\t\t\t<\/div>\n\t\t<\/section>\n\t\t\t\t<section class=\"elementor-section elementor-top-section elementor-element elementor-element-2445084 elementor-section-boxed elementor-section-height-default elementor-section-height-default\" data-id=\"2445084\" data-element_type=\"section\">\n\t\t\t\t\t\t<div class=\"elementor-container elementor-column-gap-default\">\n\t\t\t\t\t<div class=\"elementor-column elementor-col-50 elementor-top-column elementor-element elementor-element-aead5e6\" data-id=\"aead5e6\" data-element_type=\"column\">\n\t\t\t<div class=\"elementor-widget-wrap elementor-element-populated\">\n\t\t\t\t\t\t<div class=\"elementor-element elementor-element-4590d20 elementor-widget elementor-widget-image\" data-id=\"4590d20\" data-element_type=\"widget\" data-widget_type=\"image.default\">\n\t\t\t\t<div class=\"elementor-widget-container\">\n\t\t\t\t\t\t\t\t\t\t\t\t\t\t\t<img loading=\"lazy\" decoding=\"async\" width=\"1024\" height=\"683\" src=\"https:\/\/honestyfood.com.co\/wp-content\/uploads\/2021\/04\/chocolate-183543-1024x683.jpg\" class=\"attachment-large size-large wp-image-369\" alt=\"\" srcset=\"https:\/\/honestyfood.com.co\/wp-content\/uploads\/2021\/04\/chocolate-183543-1024x683.jpg 1024w, https:\/\/honestyfood.com.co\/wp-content\/uploads\/2021\/04\/chocolate-183543-300x200.jpg 300w, https:\/\/honestyfood.com.co\/wp-content\/uploads\/2021\/04\/chocolate-183543-768x512.jpg 768w, https:\/\/honestyfood.com.co\/wp-content\/uploads\/2021\/04\/chocolate-183543-1536x1024.jpg 1536w, https:\/\/honestyfood.com.co\/wp-content\/uploads\/2021\/04\/chocolate-183543-2048x1365.jpg 2048w\" sizes=\"(max-width: 1024px) 100vw, 1024px\" \/>\t\t\t\t\t\t\t\t\t\t\t\t\t\t\t<\/div>\n\t\t\t\t<\/div>\n\t\t\t\t\t<\/div>\n\t\t<\/div>\n\t\t\t\t<div class=\"elementor-column elementor-col-50 elementor-top-column elementor-element elementor-element-f582d12\" data-id=\"f582d12\" data-element_type=\"column\">\n\t\t\t<div class=\"elementor-widget-wrap elementor-element-populated\">\n\t\t\t\t\t\t<div class=\"elementor-element elementor-element-78ef9ce elementor-widget elementor-widget-heading\" data-id=\"78ef9ce\" data-element_type=\"widget\" data-widget_type=\"heading.default\">\n\t\t\t\t<div class=\"elementor-widget-container\">\n\t\t\t\t\t<h2 class=\"elementor-heading-title elementor-size-default\">Cacao <\/h2>\t\t\t\t<\/div>\n\t\t\t\t<\/div>\n\t\t\t\t<div class=\"elementor-element elementor-element-e136548 elementor-widget elementor-widget-text-editor\" data-id=\"e136548\" data-element_type=\"widget\" data-widget_type=\"text-editor.default\">\n\t\t\t\t<div class=\"elementor-widget-container\">\n\t\t\t\t\t\t\t\t\t<p>Barras de chocolate 100%, 70%, 60% y 40%, chocolate de taza en presentaciondes de 250 gramos y 500 gramos, la materia prima es de origen colombiano, trabajamos de la mano con cultivadoras del departamento de caldas, colombia.<\/p>\t\t\t\t\t\t\t\t<\/div>\n\t\t\t\t<\/div>\n\t\t\t\t\t<\/div>\n\t\t<\/div>\n\t\t\t\t\t<\/div>\n\t\t<\/section>\n\t\t\t\t<\/div>\n\t\t","protected":false},"excerpt":{"rendered":"<p>Nuestros Productos Pulpa de Frutas (congelada o sin refrigeracion) La forma practica de disfrutar el sabor de las frutas, cuidando tu salud, disminuyendo perdidas por sobre maduraci\u00f3n y contaminaci\u00f3n cruzada al momento de su preparaci\u00f3n Sabores Fresa, Mango, Lulo, Guanabana, Limon, Pi\u00f1a, Mora, Tamarindo, Guayaba, Aguacate, Maracuya, Gulupa. Caracteristicas Libres de Gluten, sin sabores artificiales, &hellip;<\/p>\n<p class=\"read-more\"> <a class=\"\" href=\"https:\/\/honestyfood.com.co\/index.php\/services\/\"> <span class=\"screen-reader-text\">nuestros productos<\/span> Read More &raquo;<\/a><\/p>\n","protected":false},"author":1,"featured_media":0,"parent":0,"menu_order":0,"comment_status":"closed","ping_status":"closed","template":"","meta":{"om_disable_all_campaigns":false,"_monsterinsights_skip_tracking":false,"_monsterinsights_sitenote_active":false,"_monsterinsights_sitenote_note":"","_monsterinsights_sitenote_category":0,"footnotes":""},"class_list":["post-32","page","type-page","status-publish","hentry"],"aioseo_notices":[],"_links":{"self":[{"href":"https:\/\/honestyfood.com.co\/index.php\/wp-json\/wp\/v2\/pages\/32","targetHints":{"allow":["GET"]}}],"collection":[{"href":"https:\/\/honestyfood.com.co\/index.php\/wp-json\/wp\/v2\/pages"}],"about":[{"href":"https:\/\/honestyfood.com.co\/index.php\/wp-json\/wp\/v2\/types\/page"}],"author":[{"embeddable":true,"href":"https:\/\/honestyfood.com.co\/index.php\/wp-json\/wp\/v2\/users\/1"}],"replies":[{"embeddable":true,"href":"https:\/\/honestyfood.com.co\/index.php\/wp-json\/wp\/v2\/comments?post=32"}],"version-history":[{"count":4,"href":"https:\/\/honestyfood.com.co\/index.php\/wp-json\/wp\/v2\/pages\/32\/revisions"}],"predecessor-version":[{"id":372,"href":"https:\/\/honestyfood.com.co\/index.php\/wp-json\/wp\/v2\/pages\/32\/revisions\/372"}],"wp:attachment":[{"href":"https:\/\/honestyfood.com.co\/index.php\/wp-json\/wp\/v2\/media?parent=32"}],"curies":[{"name":"wp","href":"https:\/\/api.w.org\/{rel}","templated":true}]}}